{"id":3279,"date":"2026-02-14T12:17:27","date_gmt":"2026-02-14T11:17:27","guid":{"rendered":"https:\/\/www.che-consult.de\/?post_type=product&#038;p=3279"},"modified":"2026-02-16T13:43:08","modified_gmt":"2026-02-16T12:43:08","slug":"online-dialog-studienorientierung-verstehen-studierende-von-morgen-gewinnen-hochschulwahl-interessen-entscheidungswege","status":"publish","type":"product","link":"https:\/\/www.che-consult.de\/en\/product\/online-dialog-studienorientierung-verstehen-studierende-von-morgen-gewinnen-hochschulwahl-interessen-entscheidungswege\/","title":{"rendered":"ONLINE-DIALOG: &#8220;Studienorientierung verstehen und Studierende von morgen gewinnen &#8211; Hochschulwahl, Interessen &#038; Entscheidungswege&#8221;"},"content":{"rendered":"<p>Angesichts sinkender Studienanf\u00e4nger:innenzahlen und eines intensiven Wettbewerbs um junge Talente stehen viele Hochschulen vor einer zentralen Frage<strong>: <\/strong><\/p>\n<p><strong>Wie finden Studieninteressierte heute \u00fcberhaupt den f\u00fcr sie passenden Weg \u2013 und wie k\u00f6nnen Hochschulen sie dabei wirksam unterst\u00fctzen?<\/strong><\/p>\n<p>Denn neben dem demografischen Wandel zeigen sich zunehmend neue Herausforderungen bei der diversen Zielgruppe der Studieninteressierten: Die Informationsflut und Unsicherheiten bei der Entscheidungsfindung pr\u00e4gen den Weg zur \u201epassenden\u201c Hochschule ma\u00dfgeblich.<\/p>\n<p>Um gute Antworten zu finden, braucht es ein tieferes Verst\u00e4ndnis daf\u00fcr, wie sich potenzielle Studierende heute informieren, orientieren und entscheiden \u2013 und an welchen Punkten Hochschulen gezielt ansetzen k\u00f6nnen.<\/p>\n<p>Genau dar\u00fcber m\u00f6chten wir gemeinsam mit Ihnen ins Gespr\u00e4ch kommen. Die ZEIT Verlagsgruppe und CHE Consult laden Sie herzlich ein zu einem einst\u00fcndigen und kostenfreien ONLINE-DIALOG \u2013 mit aktuellen Daten, frischen Impulsen sowie Raum f\u00fcr Ideen- und Erfahrungsaustausch.<\/p>\n<p class=\"x_MsoNormal\" align=\"center\"><strong>Eine Registrierung f\u00fcr den kostenlosen ONLINE-DIALOG ist ab sofort m\u00f6glich<br \/>\n<\/strong><span style=\"text-decoration: underline;\"><a href=\"https:\/\/doo.net\/veranstaltung\/216541\/buchung\" target=\"_blank\" rel=\"noopener\">Jetzt anmelden zum kostenlosen Online-Dialog am 3. M\u00e4rz 2026 um 13 Uhr<\/a><\/span><\/p>\n<p class=\"x_MsoNormal\"><b>CHE Consult\u00a0<\/b>verf\u00fcgt \u00fcber umfassende und langj\u00e4hrige Erfahrung in der Beratung von Hochschulen sowie eigens entwickelt Daten- und Erhebungstools, die Trends und Entwicklungen auf dem deutschen Hochschulmarkt analysieren (<span style=\"text-decoration: underline;\"><a title=\"https:\/\/www.che-consult.de\/leistungen\/strategieberatung\/davit\/\" href=\"https:\/\/www.che-consult.de\/leistungen\/strategieberatung\/davit\/\" data-auth=\"NotApplicable\">CHE Consult DaViT<\/a><\/span>) und Bed\u00fcrfnisse von Studierenden zu\u00a0<span style=\"text-decoration: underline;\"><a title=\"https:\/\/www.che-consult.de\/wp-content\/uploads\/2025\/05\/Flyer_Studierendenbindung_Druckdatei.pdf\" href=\"https:\/\/www.che-consult.de\/wp-content\/uploads\/2025\/05\/Flyer_Studierendenbindung_Druckdatei.pdf\" data-auth=\"NotApplicable\">optimalen Studienbedingungen<\/a><\/span>\u00a0erfassen k\u00f6nnen. Auf diese Weise k\u00f6nnen Studien- und Serviceangebote f\u00fcr Studierende bedarfsgerecht entwickelt werden.<\/p>\n<p class=\"x_MsoNormal\">Seit \u00fcber 10 Jahren erhebt die\u00a0<b>ZEIT Verlagsgruppe<\/b>\u00a0<b>mit HeyStudium, das Studienorientierungsportal von DIE ZEIT<\/b>, mit dem Studium-Interessentest (SIT) die Pr\u00e4ferenzen von Studieninteressierten. Die 2024 gemeinsam mit dem IJK Hannover ver\u00f6ffentlichte\u00a0<span style=\"text-decoration: underline;\"><a title=\"https:\/\/studiengaenge.zeit.de\/fuer-hochschulen#sit-studie\" href=\"https:\/\/studiengaenge.zeit.de\/fuer-hochschulen#sit-studie\" data-auth=\"NotApplicable\">SIT-Studie<\/a><\/span>\u00a0fasst die Ergebnisse zusammen, stellt elf Interessententypen vor, gibt Einblicke in das Informationsverhalten der GenZ und bietet erste Ans\u00e4tze f\u00fcr die zielgruppengerechte Ansprache k\u00fcnftiger Studienanf\u00e4nger*innen.<\/p>\n<p class=\"x_MsoNormal\">Wir freuen uns \u00fcber Ihre Teilnahme am ONLINE-DIALOG und sind gespannt auf einen regen Austausch \u00fcber Institutionsgrenzen hinaus, um die Studierendengewinnung in Deutschland zu st\u00e4rken.<\/p>\n","protected":false},"excerpt":{"rendered":"<p>Angesichts sinkender Studienanf\u00e4nger:innenzahlen und eines intensiven Wettbewerbs um junge Talente stehen viele Hochschulen vor einer zentralen Frage<strong>:\u00a0<\/strong><strong>Wie finden Studieninteressierte heute \u00fcberhaupt den f\u00fcr sie passenden Weg \u2013 und wie k\u00f6nnen Hochschulen sie dabei wirksam unterst\u00fctzen? <\/strong>Genau dar\u00fcber m\u00f6chten wir gemeinsam mit Ihnen ins Gespr\u00e4ch kommen. Die ZEIT Verlagsgruppe und CHE Consult laden Sie herzlich ein zu\u00a0<b>einem einst\u00fcndigen und kostenfreien ONLINE-DIALOG<\/b>\u00a0\u2013 mit aktuellen Daten, frischen Impulsen sowie einem Ideen- und Erfahrungsaustausch:<\/p>\n","protected":false},"featured_media":3216,"template":"","meta":{"_acf_changed":false,"inline_featured_image":false},"product_brand":[],"product_cat":[46],"product_tag":[],"class_list":{"0":"post-3279","1":"product","2":"type-product","3":"status-publish","4":"has-post-thumbnail","6":"product_cat-veranstaltungen","8":"first","9":"instock","10":"featured","11":"virtual","12":"taxable","13":"product-type-simple"},"acf":[],"yoast_head":"<!-- This site is optimized with the Yoast SEO plugin v27.1.1 - https:\/\/yoast.com\/product\/yoast-seo-wordpress\/ -->\n<title>ONLINE-DIALOG: &quot;Studienorientierung verstehen und Studierende von morgen gewinnen - Hochschulwahl, Interessen &amp; Entscheidungswege&quot; - CHE Consult<\/title>\n<meta name=\"description\" content=\"Workshop zum Thema Kooperationen zwischen Hochschulen und Universit\u00e4ten\" \/>\n<meta name=\"robots\" content=\"index, follow, max-snippet:-1, max-image-preview:large, max-video-preview:-1\" \/>\n<link rel=\"canonical\" href=\"https:\/\/www.che-consult.de\/product\/online-dialog-studienorientierung-verstehen-studierende-von-morgen-gewinnen-hochschulwahl-interessen-entscheidungswege\/\" \/>\n<meta property=\"og:locale\" content=\"en_US\" \/>\n<meta property=\"og:type\" content=\"article\" \/>\n<meta property=\"og:title\" content=\"ONLINE-DIALOG: &quot;Studienorientierung verstehen und Studierende von morgen gewinnen - Hochschulwahl, Interessen &amp; Entscheidungswege&quot; - CHE Consult\" \/>\n<meta property=\"og:description\" content=\"Workshop zum Thema Kooperationen zwischen Hochschulen und Universit\u00e4ten\" \/>\n<meta property=\"og:url\" content=\"https:\/\/www.che-consult.de\/product\/online-dialog-studienorientierung-verstehen-studierende-von-morgen-gewinnen-hochschulwahl-interessen-entscheidungswege\/\" \/>\n<meta property=\"og:site_name\" content=\"CHE Consult\" \/>\n<meta property=\"article:modified_time\" content=\"2026-02-16T12:43:08+00:00\" \/>\n<meta property=\"og:image\" content=\"https:\/\/www.che-consult.de\/wp-content\/uploads\/2025\/06\/Online-Dialog-1024x1024.png\" \/>\n\t<meta property=\"og:image:width\" content=\"1024\" \/>\n\t<meta property=\"og:image:height\" content=\"1024\" \/>\n\t<meta property=\"og:image:type\" content=\"image\/png\" \/>\n<meta name=\"twitter:card\" content=\"summary_large_image\" \/>\n<meta name=\"twitter:label1\" content=\"Est. reading time\" \/>\n\t<meta name=\"twitter:data1\" content=\"2 minutes\" \/>\n<script type=\"application\/ld+json\" class=\"yoast-schema-graph\">{\"@context\":\"https:\/\/schema.org\",\"@graph\":[{\"@type\":\"WebPage\",\"@id\":\"https:\/\/www.che-consult.de\/product\/online-dialog-studienorientierung-verstehen-studierende-von-morgen-gewinnen-hochschulwahl-interessen-entscheidungswege\/\",\"url\":\"https:\/\/www.che-consult.de\/product\/online-dialog-studienorientierung-verstehen-studierende-von-morgen-gewinnen-hochschulwahl-interessen-entscheidungswege\/\",\"name\":\"ONLINE-DIALOG: \\\"Studienorientierung verstehen und Studierende von morgen gewinnen - Hochschulwahl, Interessen & Entscheidungswege\\\" - CHE Consult\",\"isPartOf\":{\"@id\":\"https:\/\/www.che-consult.de\/#website\"},\"primaryImageOfPage\":{\"@id\":\"https:\/\/www.che-consult.de\/product\/online-dialog-studienorientierung-verstehen-studierende-von-morgen-gewinnen-hochschulwahl-interessen-entscheidungswege\/#primaryimage\"},\"image\":{\"@id\":\"https:\/\/www.che-consult.de\/product\/online-dialog-studienorientierung-verstehen-studierende-von-morgen-gewinnen-hochschulwahl-interessen-entscheidungswege\/#primaryimage\"},\"thumbnailUrl\":\"https:\/\/www.che-consult.de\/wp-content\/uploads\/2025\/06\/Online-Dialog.png\",\"datePublished\":\"2026-02-14T11:17:27+00:00\",\"dateModified\":\"2026-02-16T12:43:08+00:00\",\"description\":\"Workshop zum Thema Kooperationen zwischen Hochschulen und Universit\u00e4ten\",\"breadcrumb\":{\"@id\":\"https:\/\/www.che-consult.de\/product\/online-dialog-studienorientierung-verstehen-studierende-von-morgen-gewinnen-hochschulwahl-interessen-entscheidungswege\/#breadcrumb\"},\"inLanguage\":\"en-US\",\"potentialAction\":[{\"@type\":\"ReadAction\",\"target\":[\"https:\/\/www.che-consult.de\/product\/online-dialog-studienorientierung-verstehen-studierende-von-morgen-gewinnen-hochschulwahl-interessen-entscheidungswege\/\"]}]},{\"@type\":\"ImageObject\",\"inLanguage\":\"en-US\",\"@id\":\"https:\/\/www.che-consult.de\/product\/online-dialog-studienorientierung-verstehen-studierende-von-morgen-gewinnen-hochschulwahl-interessen-entscheidungswege\/#primaryimage\",\"url\":\"https:\/\/www.che-consult.de\/wp-content\/uploads\/2025\/06\/Online-Dialog.png\",\"contentUrl\":\"https:\/\/www.che-consult.de\/wp-content\/uploads\/2025\/06\/Online-Dialog.png\",\"width\":1920,\"height\":1920},{\"@type\":\"BreadcrumbList\",\"@id\":\"https:\/\/www.che-consult.de\/product\/online-dialog-studienorientierung-verstehen-studierende-von-morgen-gewinnen-hochschulwahl-interessen-entscheidungswege\/#breadcrumb\",\"itemListElement\":[{\"@type\":\"ListItem\",\"position\":1,\"name\":\"Startseite\",\"item\":\"https:\/\/www.che-consult.de\/en\/\"},{\"@type\":\"ListItem\",\"position\":2,\"name\":\"ONLINE-DIALOG: &#8222;Studienorientierung verstehen und Studierende von morgen gewinnen &#8211; Hochschulwahl, Interessen &#038; Entscheidungswege&#8220;\"}]},{\"@type\":\"WebSite\",\"@id\":\"https:\/\/www.che-consult.de\/#website\",\"url\":\"https:\/\/www.che-consult.de\/\",\"name\":\"CHE Consult\",\"description\":\"We can do university.\",\"potentialAction\":[{\"@type\":\"SearchAction\",\"target\":{\"@type\":\"EntryPoint\",\"urlTemplate\":\"https:\/\/www.che-consult.de\/?s={search_term_string}\"},\"query-input\":{\"@type\":\"PropertyValueSpecification\",\"valueRequired\":true,\"valueName\":\"search_term_string\"}}],\"inLanguage\":\"en-US\"}]}<\/script>\n<!-- \/ Yoast SEO plugin. -->","yoast_head_json":{"title":"ONLINE-DIALOG: \"Studienorientierung verstehen und Studierende von morgen gewinnen - Hochschulwahl, Interessen & Entscheidungswege\" - CHE Consult","description":"Workshop zum Thema Kooperationen zwischen Hochschulen und Universit\u00e4ten","robots":{"index":"index","follow":"follow","max-snippet":"max-snippet:-1","max-image-preview":"max-image-preview:large","max-video-preview":"max-video-preview:-1"},"canonical":"https:\/\/www.che-consult.de\/product\/online-dialog-studienorientierung-verstehen-studierende-von-morgen-gewinnen-hochschulwahl-interessen-entscheidungswege\/","og_locale":"en_US","og_type":"article","og_title":"ONLINE-DIALOG: \"Studienorientierung verstehen und Studierende von morgen gewinnen - Hochschulwahl, Interessen & Entscheidungswege\" - CHE Consult","og_description":"Workshop zum Thema Kooperationen zwischen Hochschulen und Universit\u00e4ten","og_url":"https:\/\/www.che-consult.de\/product\/online-dialog-studienorientierung-verstehen-studierende-von-morgen-gewinnen-hochschulwahl-interessen-entscheidungswege\/","og_site_name":"CHE Consult","article_modified_time":"2026-02-16T12:43:08+00:00","og_image":[{"width":1024,"height":1024,"url":"https:\/\/www.che-consult.de\/wp-content\/uploads\/2025\/06\/Online-Dialog-1024x1024.png","type":"image\/png"}],"twitter_card":"summary_large_image","twitter_misc":{"Est. reading time":"2 minutes"},"schema":{"@context":"https:\/\/schema.org","@graph":[{"@type":"WebPage","@id":"https:\/\/www.che-consult.de\/product\/online-dialog-studienorientierung-verstehen-studierende-von-morgen-gewinnen-hochschulwahl-interessen-entscheidungswege\/","url":"https:\/\/www.che-consult.de\/product\/online-dialog-studienorientierung-verstehen-studierende-von-morgen-gewinnen-hochschulwahl-interessen-entscheidungswege\/","name":"ONLINE-DIALOG: \"Studienorientierung verstehen und Studierende von morgen gewinnen - Hochschulwahl, Interessen & Entscheidungswege\" - CHE Consult","isPartOf":{"@id":"https:\/\/www.che-consult.de\/#website"},"primaryImageOfPage":{"@id":"https:\/\/www.che-consult.de\/product\/online-dialog-studienorientierung-verstehen-studierende-von-morgen-gewinnen-hochschulwahl-interessen-entscheidungswege\/#primaryimage"},"image":{"@id":"https:\/\/www.che-consult.de\/product\/online-dialog-studienorientierung-verstehen-studierende-von-morgen-gewinnen-hochschulwahl-interessen-entscheidungswege\/#primaryimage"},"thumbnailUrl":"https:\/\/www.che-consult.de\/wp-content\/uploads\/2025\/06\/Online-Dialog.png","datePublished":"2026-02-14T11:17:27+00:00","dateModified":"2026-02-16T12:43:08+00:00","description":"Workshop zum Thema Kooperationen zwischen Hochschulen und Universit\u00e4ten","breadcrumb":{"@id":"https:\/\/www.che-consult.de\/product\/online-dialog-studienorientierung-verstehen-studierende-von-morgen-gewinnen-hochschulwahl-interessen-entscheidungswege\/#breadcrumb"},"inLanguage":"en-US","potentialAction":[{"@type":"ReadAction","target":["https:\/\/www.che-consult.de\/product\/online-dialog-studienorientierung-verstehen-studierende-von-morgen-gewinnen-hochschulwahl-interessen-entscheidungswege\/"]}]},{"@type":"ImageObject","inLanguage":"en-US","@id":"https:\/\/www.che-consult.de\/product\/online-dialog-studienorientierung-verstehen-studierende-von-morgen-gewinnen-hochschulwahl-interessen-entscheidungswege\/#primaryimage","url":"https:\/\/www.che-consult.de\/wp-content\/uploads\/2025\/06\/Online-Dialog.png","contentUrl":"https:\/\/www.che-consult.de\/wp-content\/uploads\/2025\/06\/Online-Dialog.png","width":1920,"height":1920},{"@type":"BreadcrumbList","@id":"https:\/\/www.che-consult.de\/product\/online-dialog-studienorientierung-verstehen-studierende-von-morgen-gewinnen-hochschulwahl-interessen-entscheidungswege\/#breadcrumb","itemListElement":[{"@type":"ListItem","position":1,"name":"Startseite","item":"https:\/\/www.che-consult.de\/en\/"},{"@type":"ListItem","position":2,"name":"ONLINE-DIALOG: &#8222;Studienorientierung verstehen und Studierende von morgen gewinnen &#8211; Hochschulwahl, Interessen &#038; Entscheidungswege&#8220;"}]},{"@type":"WebSite","@id":"https:\/\/www.che-consult.de\/#website","url":"https:\/\/www.che-consult.de\/","name":"CHE Consult","description":"We can do university.","potentialAction":[{"@type":"SearchAction","target":{"@type":"EntryPoint","urlTemplate":"https:\/\/www.che-consult.de\/?s={search_term_string}"},"query-input":{"@type":"PropertyValueSpecification","valueRequired":true,"valueName":"search_term_string"}}],"inLanguage":"en-US"}]}},"_links":{"self":[{"href":"https:\/\/www.che-consult.de\/en\/wp-json\/wp\/v2\/product\/3279","targetHints":{"allow":["GET"]}}],"collection":[{"href":"https:\/\/www.che-consult.de\/en\/wp-json\/wp\/v2\/product"}],"about":[{"href":"https:\/\/www.che-consult.de\/en\/wp-json\/wp\/v2\/types\/product"}],"wp:featuredmedia":[{"embeddable":true,"href":"https:\/\/www.che-consult.de\/en\/wp-json\/wp\/v2\/media\/3216"}],"wp:attachment":[{"href":"https:\/\/www.che-consult.de\/en\/wp-json\/wp\/v2\/media?parent=3279"}],"wp:term":[{"taxonomy":"product_brand","embeddable":true,"href":"https:\/\/www.che-consult.de\/en\/wp-json\/wp\/v2\/product_brand?post=3279"},{"taxonomy":"product_cat","embeddable":true,"href":"https:\/\/www.che-consult.de\/en\/wp-json\/wp\/v2\/product_cat?post=3279"},{"taxonomy":"product_tag","embeddable":true,"href":"https:\/\/www.che-consult.de\/en\/wp-json\/wp\/v2\/product_tag?post=3279"}],"curies":[{"name":"wp","href":"https:\/\/api.w.org\/{rel}","templated":true}]}}