{"id":3215,"date":"2025-06-24T17:03:57","date_gmt":"2025-06-24T15:03:57","guid":{"rendered":"https:\/\/www.che-consult.de\/?post_type=product&#038;p=3215"},"modified":"2025-06-24T17:21:35","modified_gmt":"2025-06-24T15:21:35","slug":"online-dialog-studierende-von-morgen-verstehen-und-gewinnen","status":"publish","type":"product","link":"https:\/\/www.che-consult.de\/en\/product\/online-dialog-studierende-von-morgen-verstehen-und-gewinnen\/","title":{"rendered":"ONLINE-DIALOG: &#8220;Studierende von morgen verstehen und gewinnen&#8221; \u2013 Hochschultrends, Interessen &#038; Bed\u00fcrfnisse"},"content":{"rendered":"<p>Angesichts sinkender Studienanf\u00e4nger*innenzahlen und eines intensiven Wettbewerbs um junge Talente stehen viele Hochschulen vor der Frage:\u00a0<b>Wie bleiben wir attraktiv f\u00fcr die n\u00e4chste Generation von Studierenden?<\/b><\/p>\n<p class=\"x_MsoNormal\">Dabei werden Hochschulen nicht nur mit dem demografischen Wandel, sondern auch mit ver\u00e4nderten Erwartungen und Bed\u00fcrfnissen einer zunehmend diversen Studierendenschaft konfrontiert. Um gute Antworten zu finden, brauchen wir ein tieferes Verst\u00e4ndnis daf\u00fcr, wie sich der\u00a0<b>Hochschulmarkt aktuell entwickelt, welche Trends sich abzeichnen und wer die Studierenden von morgen sind, was sie bewegt und was sie erwarten.<\/b><\/p>\n<p class=\"x_MsoNormal\">Genau dar\u00fcber m\u00f6chten wir gemeinsam mit Ihnen ins Gespr\u00e4ch kommen. Die ZEIT Verlagsgruppe und CHE Consult laden Sie herzlich ein zu\u00a0<b>einem einst\u00fcndigen und kostenfreien ONLINE-DIALOG<\/b>\u00a0\u2013 mit aktuellen Daten, frischen Impulsen sowie einem Ideen- und Erfahrungsaustausch:<\/p>\n<ul type=\"disc\">\n<li class=\"x_MsoNormal\"><b>1. Impulse \u201eHochschulmarkt und Studierende von morgen\u201c (CHE Consult, HeyStudium)<\/b><\/li>\n<li class=\"x_MsoNormal\"><b>2.\u00a0 Diskussion und Erfahrungsaustausch<\/b><\/li>\n<\/ul>\n<p class=\"x_MsoNormal\" align=\"center\">Eine Registrierung f\u00fcr den kostenlosen ONLINE-DIALOG ist ab sofort m\u00f6glich mit einem Klick auf Ihr Wunsch-Datum:<\/p>\n<p class=\"x_MsoNormal\" align=\"center\"><u><a title=\"https:\/\/doo.net\/veranstaltung\/192219\/buchung\" href=\"https:\/\/doo.net\/veranstaltung\/192219\/buchung\" data-auth=\"NotApplicable\">Dienstag, 8. Juli 2025 von 14:00 bis 15 Uhr<\/a><\/u><\/p>\n<p class=\"x_MsoNormal\" align=\"center\"><u><a title=\"https:\/\/doo.net\/veranstaltung\/192224\/buchung\" href=\"https:\/\/doo.net\/veranstaltung\/192224\/buchung\" data-auth=\"NotApplicable\">Dienstag, 15. Juli 2025 von 11:00 bis 12 Uhr<\/a><\/u><\/p>\n<p class=\"x_MsoNormal\"><b>CHE Consult\u00a0<\/b>verf\u00fcgt \u00fcber umfassende und langj\u00e4hrige Erfahrung in der Beratung von Hochschulen sowie eigens entwickelt Daten- und Erhebungstools, die Trends und Entwicklungen auf dem deutschen Hochschulmarkt analysieren (<u><a title=\"https:\/\/www.che-consult.de\/leistungen\/strategieberatung\/davit\/\" href=\"https:\/\/www.che-consult.de\/leistungen\/strategieberatung\/davit\/\" data-auth=\"NotApplicable\">CHE Consult DaViT<\/a><\/u>) und Bed\u00fcrfnisse von Studierenden zu\u00a0<u><a title=\"https:\/\/www.che-consult.de\/wp-content\/uploads\/2025\/05\/Flyer_Studierendenbindung_Druckdatei.pdf\" href=\"https:\/\/www.che-consult.de\/wp-content\/uploads\/2025\/05\/Flyer_Studierendenbindung_Druckdatei.pdf\" data-auth=\"NotApplicable\">optimalen Studienbedingungen<\/a><\/u>\u00a0erfassen k\u00f6nnen. Auf diese Weise k\u00f6nnen Studien- und Serviceangebote f\u00fcr Studierende bedarfsgerecht entwickelt werden.<\/p>\n<p class=\"x_MsoNormal\">Seit \u00fcber 10 Jahren erhebt die\u00a0<b>ZEIT Verlagsgruppe<\/b>\u00a0<b>mit HeyStudium, das Studienorientierungsportal von DIE ZEIT<\/b>, mit dem Studium-Interessentest (SIT) die Pr\u00e4ferenzen von Studieninteressierten. Die 2024 gemeinsam mit dem IJK Hannover ver\u00f6ffentlichte\u00a0<u><a title=\"https:\/\/studiengaenge.zeit.de\/fuer-hochschulen#sit-studie\" href=\"https:\/\/studiengaenge.zeit.de\/fuer-hochschulen#sit-studie\" data-auth=\"NotApplicable\">SIT-Studie<\/a><\/u>\u00a0fasst die Ergebnisse zusammen, stellt elf Interessententypen vor, gibt Einblicke in das Informationsverhalten der GenZ und bietet erste Ans\u00e4tze f\u00fcr die zielgruppengerechte Ansprache k\u00fcnftiger Studienanf\u00e4nger*innen.<\/p>\n<p class=\"x_MsoNormal\">Wir freuen uns \u00fcber Ihre Teilnahme am ONLINE-DIALOG und sind gespannt auf einen regen Austausch \u00fcber Institutionsgrenzen hinaus, um die Studierendengewinnung in Deutschland zu st\u00e4rken.<\/p>\n","protected":false},"excerpt":{"rendered":"<p>Angesichts sinkender Studienanf\u00e4nger*innenzahlen und eines intensiven Wettbewerbs um junge Talente stehen viele Hochschulen vor\u00a0 der Frage: <b>Wie bleiben wir attraktiv f\u00fcr die n\u00e4chste Generation von Studierenden?<\/b>Genau dar\u00fcber m\u00f6chten wir gemeinsam mit Ihnen ins Gespr\u00e4ch kommen. Die ZEIT Verlagsgruppe und CHE Consult laden Sie herzlich ein zu\u00a0<b>einem einst\u00fcndigen und kostenfreien ONLINE-DIALOG<\/b>\u00a0\u2013 mit aktuellen Daten, frischen Impulsen sowie einem Ideen- und Erfahrungsaustausch:<\/p>\n","protected":false},"featured_media":3216,"template":"","meta":{"_acf_changed":false,"inline_featured_image":false},"product_brand":[],"product_cat":[46],"product_tag":[],"class_list":{"0":"post-3215","1":"product","2":"type-product","3":"status-publish","4":"has-post-thumbnail","6":"product_cat-veranstaltungen","8":"first","9":"instock","10":"featured","11":"virtual","12":"taxable","13":"product-type-simple"},"acf":[],"yoast_head":"<!-- This site is optimized with the Yoast SEO plugin v27.1.1 - https:\/\/yoast.com\/product\/yoast-seo-wordpress\/ -->\n<title>ONLINE-DIALOG: &quot;Studierende von morgen verstehen und gewinnen&quot; \u2013 Hochschultrends, Interessen &amp; Bed\u00fcrfnisse - CHE Consult<\/title>\n<meta name=\"description\" content=\"Workshop zum Thema Kooperationen zwischen Hochschulen und Universit\u00e4ten\" \/>\n<meta name=\"robots\" content=\"index, follow, max-snippet:-1, max-image-preview:large, max-video-preview:-1\" \/>\n<link rel=\"canonical\" href=\"https:\/\/www.che-consult.de\/product\/online-dialog-studierende-von-morgen-verstehen-und-gewinnen\/\" \/>\n<meta property=\"og:locale\" content=\"en_US\" \/>\n<meta property=\"og:type\" content=\"article\" \/>\n<meta property=\"og:title\" content=\"ONLINE-DIALOG: &quot;Studierende von morgen verstehen und gewinnen&quot; \u2013 Hochschultrends, Interessen &amp; Bed\u00fcrfnisse - CHE Consult\" \/>\n<meta property=\"og:description\" content=\"Workshop zum Thema Kooperationen zwischen Hochschulen und Universit\u00e4ten\" \/>\n<meta property=\"og:url\" content=\"https:\/\/www.che-consult.de\/product\/online-dialog-studierende-von-morgen-verstehen-und-gewinnen\/\" \/>\n<meta property=\"og:site_name\" content=\"CHE Consult\" \/>\n<meta property=\"article:modified_time\" content=\"2025-06-24T15:21:35+00:00\" \/>\n<meta property=\"og:image\" content=\"https:\/\/www.che-consult.de\/wp-content\/uploads\/2025\/06\/Online-Dialog-1024x1024.png\" \/>\n\t<meta property=\"og:image:width\" content=\"1024\" \/>\n\t<meta property=\"og:image:height\" content=\"1024\" \/>\n\t<meta property=\"og:image:type\" content=\"image\/png\" \/>\n<meta name=\"twitter:card\" content=\"summary_large_image\" \/>\n<meta name=\"twitter:label1\" content=\"Est. reading time\" \/>\n\t<meta name=\"twitter:data1\" content=\"2 minutes\" \/>\n<script type=\"application\/ld+json\" class=\"yoast-schema-graph\">{\"@context\":\"https:\/\/schema.org\",\"@graph\":[{\"@type\":\"WebPage\",\"@id\":\"https:\/\/www.che-consult.de\/product\/online-dialog-studierende-von-morgen-verstehen-und-gewinnen\/\",\"url\":\"https:\/\/www.che-consult.de\/product\/online-dialog-studierende-von-morgen-verstehen-und-gewinnen\/\",\"name\":\"ONLINE-DIALOG: \\\"Studierende von morgen verstehen und gewinnen\\\" \u2013 Hochschultrends, Interessen & Bed\u00fcrfnisse - CHE Consult\",\"isPartOf\":{\"@id\":\"https:\/\/www.che-consult.de\/#website\"},\"primaryImageOfPage\":{\"@id\":\"https:\/\/www.che-consult.de\/product\/online-dialog-studierende-von-morgen-verstehen-und-gewinnen\/#primaryimage\"},\"image\":{\"@id\":\"https:\/\/www.che-consult.de\/product\/online-dialog-studierende-von-morgen-verstehen-und-gewinnen\/#primaryimage\"},\"thumbnailUrl\":\"https:\/\/www.che-consult.de\/wp-content\/uploads\/2025\/06\/Online-Dialog.png\",\"datePublished\":\"2025-06-24T15:03:57+00:00\",\"dateModified\":\"2025-06-24T15:21:35+00:00\",\"description\":\"Workshop zum Thema Kooperationen zwischen Hochschulen und Universit\u00e4ten\",\"breadcrumb\":{\"@id\":\"https:\/\/www.che-consult.de\/product\/online-dialog-studierende-von-morgen-verstehen-und-gewinnen\/#breadcrumb\"},\"inLanguage\":\"en-US\",\"potentialAction\":[{\"@type\":\"ReadAction\",\"target\":[\"https:\/\/www.che-consult.de\/product\/online-dialog-studierende-von-morgen-verstehen-und-gewinnen\/\"]}]},{\"@type\":\"ImageObject\",\"inLanguage\":\"en-US\",\"@id\":\"https:\/\/www.che-consult.de\/product\/online-dialog-studierende-von-morgen-verstehen-und-gewinnen\/#primaryimage\",\"url\":\"https:\/\/www.che-consult.de\/wp-content\/uploads\/2025\/06\/Online-Dialog.png\",\"contentUrl\":\"https:\/\/www.che-consult.de\/wp-content\/uploads\/2025\/06\/Online-Dialog.png\",\"width\":1920,\"height\":1920},{\"@type\":\"BreadcrumbList\",\"@id\":\"https:\/\/www.che-consult.de\/product\/online-dialog-studierende-von-morgen-verstehen-und-gewinnen\/#breadcrumb\",\"itemListElement\":[{\"@type\":\"ListItem\",\"position\":1,\"name\":\"Startseite\",\"item\":\"https:\/\/www.che-consult.de\/en\/\"},{\"@type\":\"ListItem\",\"position\":2,\"name\":\"ONLINE-DIALOG: &#8222;Studierende von morgen verstehen und gewinnen&#8220; \u2013 Hochschultrends, Interessen &#038; Bed\u00fcrfnisse\"}]},{\"@type\":\"WebSite\",\"@id\":\"https:\/\/www.che-consult.de\/#website\",\"url\":\"https:\/\/www.che-consult.de\/\",\"name\":\"CHE Consult\",\"description\":\"We can do university.\",\"potentialAction\":[{\"@type\":\"SearchAction\",\"target\":{\"@type\":\"EntryPoint\",\"urlTemplate\":\"https:\/\/www.che-consult.de\/?s={search_term_string}\"},\"query-input\":{\"@type\":\"PropertyValueSpecification\",\"valueRequired\":true,\"valueName\":\"search_term_string\"}}],\"inLanguage\":\"en-US\"}]}<\/script>\n<!-- \/ Yoast SEO plugin. -->","yoast_head_json":{"title":"ONLINE-DIALOG: \"Studierende von morgen verstehen und gewinnen\" \u2013 Hochschultrends, Interessen & Bed\u00fcrfnisse - CHE Consult","description":"Workshop zum Thema Kooperationen zwischen Hochschulen und Universit\u00e4ten","robots":{"index":"index","follow":"follow","max-snippet":"max-snippet:-1","max-image-preview":"max-image-preview:large","max-video-preview":"max-video-preview:-1"},"canonical":"https:\/\/www.che-consult.de\/product\/online-dialog-studierende-von-morgen-verstehen-und-gewinnen\/","og_locale":"en_US","og_type":"article","og_title":"ONLINE-DIALOG: \"Studierende von morgen verstehen und gewinnen\" \u2013 Hochschultrends, Interessen & Bed\u00fcrfnisse - CHE Consult","og_description":"Workshop zum Thema Kooperationen zwischen Hochschulen und Universit\u00e4ten","og_url":"https:\/\/www.che-consult.de\/product\/online-dialog-studierende-von-morgen-verstehen-und-gewinnen\/","og_site_name":"CHE Consult","article_modified_time":"2025-06-24T15:21:35+00:00","og_image":[{"width":1024,"height":1024,"url":"https:\/\/www.che-consult.de\/wp-content\/uploads\/2025\/06\/Online-Dialog-1024x1024.png","type":"image\/png"}],"twitter_card":"summary_large_image","twitter_misc":{"Est. reading time":"2 minutes"},"schema":{"@context":"https:\/\/schema.org","@graph":[{"@type":"WebPage","@id":"https:\/\/www.che-consult.de\/product\/online-dialog-studierende-von-morgen-verstehen-und-gewinnen\/","url":"https:\/\/www.che-consult.de\/product\/online-dialog-studierende-von-morgen-verstehen-und-gewinnen\/","name":"ONLINE-DIALOG: \"Studierende von morgen verstehen und gewinnen\" \u2013 Hochschultrends, Interessen & Bed\u00fcrfnisse - CHE Consult","isPartOf":{"@id":"https:\/\/www.che-consult.de\/#website"},"primaryImageOfPage":{"@id":"https:\/\/www.che-consult.de\/product\/online-dialog-studierende-von-morgen-verstehen-und-gewinnen\/#primaryimage"},"image":{"@id":"https:\/\/www.che-consult.de\/product\/online-dialog-studierende-von-morgen-verstehen-und-gewinnen\/#primaryimage"},"thumbnailUrl":"https:\/\/www.che-consult.de\/wp-content\/uploads\/2025\/06\/Online-Dialog.png","datePublished":"2025-06-24T15:03:57+00:00","dateModified":"2025-06-24T15:21:35+00:00","description":"Workshop zum Thema Kooperationen zwischen Hochschulen und Universit\u00e4ten","breadcrumb":{"@id":"https:\/\/www.che-consult.de\/product\/online-dialog-studierende-von-morgen-verstehen-und-gewinnen\/#breadcrumb"},"inLanguage":"en-US","potentialAction":[{"@type":"ReadAction","target":["https:\/\/www.che-consult.de\/product\/online-dialog-studierende-von-morgen-verstehen-und-gewinnen\/"]}]},{"@type":"ImageObject","inLanguage":"en-US","@id":"https:\/\/www.che-consult.de\/product\/online-dialog-studierende-von-morgen-verstehen-und-gewinnen\/#primaryimage","url":"https:\/\/www.che-consult.de\/wp-content\/uploads\/2025\/06\/Online-Dialog.png","contentUrl":"https:\/\/www.che-consult.de\/wp-content\/uploads\/2025\/06\/Online-Dialog.png","width":1920,"height":1920},{"@type":"BreadcrumbList","@id":"https:\/\/www.che-consult.de\/product\/online-dialog-studierende-von-morgen-verstehen-und-gewinnen\/#breadcrumb","itemListElement":[{"@type":"ListItem","position":1,"name":"Startseite","item":"https:\/\/www.che-consult.de\/en\/"},{"@type":"ListItem","position":2,"name":"ONLINE-DIALOG: &#8222;Studierende von morgen verstehen und gewinnen&#8220; \u2013 Hochschultrends, Interessen &#038; Bed\u00fcrfnisse"}]},{"@type":"WebSite","@id":"https:\/\/www.che-consult.de\/#website","url":"https:\/\/www.che-consult.de\/","name":"CHE Consult","description":"We can do university.","potentialAction":[{"@type":"SearchAction","target":{"@type":"EntryPoint","urlTemplate":"https:\/\/www.che-consult.de\/?s={search_term_string}"},"query-input":{"@type":"PropertyValueSpecification","valueRequired":true,"valueName":"search_term_string"}}],"inLanguage":"en-US"}]}},"_links":{"self":[{"href":"https:\/\/www.che-consult.de\/en\/wp-json\/wp\/v2\/product\/3215","targetHints":{"allow":["GET"]}}],"collection":[{"href":"https:\/\/www.che-consult.de\/en\/wp-json\/wp\/v2\/product"}],"about":[{"href":"https:\/\/www.che-consult.de\/en\/wp-json\/wp\/v2\/types\/product"}],"wp:featuredmedia":[{"embeddable":true,"href":"https:\/\/www.che-consult.de\/en\/wp-json\/wp\/v2\/media\/3216"}],"wp:attachment":[{"href":"https:\/\/www.che-consult.de\/en\/wp-json\/wp\/v2\/media?parent=3215"}],"wp:term":[{"taxonomy":"product_brand","embeddable":true,"href":"https:\/\/www.che-consult.de\/en\/wp-json\/wp\/v2\/product_brand?post=3215"},{"taxonomy":"product_cat","embeddable":true,"href":"https:\/\/www.che-consult.de\/en\/wp-json\/wp\/v2\/product_cat?post=3215"},{"taxonomy":"product_tag","embeddable":true,"href":"https:\/\/www.che-consult.de\/en\/wp-json\/wp\/v2\/product_tag?post=3215"}],"curies":[{"name":"wp","href":"https:\/\/api.w.org\/{rel}","templated":true}]}}