{"id":2837,"date":"2024-09-05T09:28:19","date_gmt":"2024-09-05T07:28:19","guid":{"rendered":"https:\/\/www.che-consult.de\/?post_type=product&#038;p=2837"},"modified":"2025-08-31T13:26:51","modified_gmt":"2025-08-31T11:26:51","slug":"workshop-krisenkommunikation","status":"publish","type":"product","link":"https:\/\/www.che-consult.de\/en\/product\/workshop-krisenkommunikation\/","title":{"rendered":"&#8220;Krisenkommunikation f\u00fcr Hochschulen: Erfolgsfaktoren und Strategien&#8221;"},"content":{"rendered":"<p>Ob Cyberattacke, Amoklauf oder Finanzskandal \u2013 Deutschlands Hochschulen sind h\u00e4ufig nur unzureichend auf Krisen vorbereitet. Dabei z\u00e4hlt das Management von Krisen insbesondere in Hochschulen aufgrund ihrer besonderen Organisationsstruktur zu den gr\u00f6\u00dften Herausforderungen. Vor allem in schweren Krisenf\u00e4llen muss die Hochschulleitung unter hohem Zeitdruck zahlreiche Entscheidungen treffen, f\u00fcr die kaum Zeit zur Abstimmung in den zust\u00e4ndigen Gremien oder mit aufsichtf\u00fchrenden Beh\u00f6rden besteht. Das Risiko: gravierende Fehler, Vertrauensverlust und Sanktionen.<\/p>\n<p>Gemeinsam mit dem Institut f\u00fcr Konflikt- und Krisenmanagement (IKKM) bietet CHE Consult einen speziell f\u00fcr Hochschulen entwickelten Workshop zum Thema Krisenkommunikation und -management an.<\/p>\n<p>Anhand von Impulsvortr\u00e4gen und praxisorientierter Gruppenarbeit er\u00f6rtern wir Strategien und Erfolgsfaktoren, um Krisen vorzubeugen und kritische Situationen erfolgreich zu bew\u00e4ltigen. Teilnehmende lernen Best-Practice-L\u00f6sungen f\u00fcr die Pr\u00e4vention, Reaktion und Nachbereitung von Krisen auf den unterschiedlichen Hochschulebenen kennen. Sie bereiten Kommunikationswege, Methoden und Instrumente des Krisenmanagements vor, planen ihren Einsatz und erwerben so F\u00fchrungskompetenz f\u00fcr den Ernstfall.<\/p>\n<p>Der Workshop bietet nicht nur fundiertes Wissen, sondern auch Raum f\u00fcr Erfahrungsaustausch und praktische Tipps f\u00fcr den Hochschulalltag \u2013 ideal f\u00fcr F\u00fchrungskr\u00e4fte, die ihre Krisenkompetenz ausbauen wollen.<\/p>\n<p>Geleitet wird der Workshop von einem erfahrenen Experten, der mit den spezifischen Herausforderungen der Krisenkommunikation an Hochschulen aus der Innen- und Au\u00dfenperspektive vertraut ist.<\/p>\n","protected":false},"excerpt":{"rendered":"<p>In Zusammenarbeit mit dem Institut f\u00fcr Konflikt- und Krisenmanagement (IKKM) bietet CHE Consult einen speziell f\u00fcr Hochschulen entwickelten Workshop zum Thema Krisenkommunikation und -management an. Anhand von Impulsvortr\u00e4gen und praxisorientierter Gruppenarbeit er\u00f6rtern wir Strategien und Erfolgsfaktoren, um Krisenf\u00e4lle an Hochschulen erfolgreich zu bew\u00e4ltigen.<\/p>\n","protected":false},"featured_media":2838,"template":"","meta":{"_acf_changed":false,"inline_featured_image":false},"product_brand":[],"product_cat":[46],"product_tag":[],"class_list":{"0":"post-2837","1":"product","2":"type-product","3":"status-publish","4":"has-post-thumbnail","6":"product_cat-veranstaltungen","8":"first","9":"instock","10":"virtual","11":"taxable","12":"product-type-simple"},"acf":[],"yoast_head":"<!-- This site is optimized with the Yoast SEO plugin v27.1.1 - https:\/\/yoast.com\/product\/yoast-seo-wordpress\/ -->\n<title>&quot;Krisenkommunikation f\u00fcr Hochschulen: Erfolgsfaktoren und Strategien&quot; - CHE Consult<\/title>\n<meta name=\"description\" content=\"Workshop zum Thema Krisenkommunikation an Hochschulen und Universit\u00e4ten\" \/>\n<meta name=\"robots\" content=\"index, follow, max-snippet:-1, max-image-preview:large, max-video-preview:-1\" \/>\n<link rel=\"canonical\" href=\"https:\/\/www.che-consult.de\/product\/workshop-krisenkommunikation\/\" \/>\n<meta property=\"og:locale\" content=\"en_US\" \/>\n<meta property=\"og:type\" content=\"article\" \/>\n<meta property=\"og:title\" content=\"&quot;Krisenkommunikation f\u00fcr Hochschulen: Erfolgsfaktoren und Strategien&quot; - CHE Consult\" \/>\n<meta property=\"og:description\" content=\"Workshop zum Thema Krisenkommunikation an Hochschulen und Universit\u00e4ten\" \/>\n<meta property=\"og:url\" content=\"https:\/\/www.che-consult.de\/product\/workshop-krisenkommunikation\/\" \/>\n<meta property=\"og:site_name\" content=\"CHE Consult\" \/>\n<meta property=\"article:modified_time\" content=\"2025-08-31T11:26:51+00:00\" \/>\n<meta property=\"og:image\" content=\"https:\/\/www.che-consult.de\/wp-content\/uploads\/2024\/09\/KopfKarton.jpg\" \/>\n\t<meta property=\"og:image:width\" content=\"1500\" \/>\n\t<meta property=\"og:image:height\" content=\"1500\" \/>\n\t<meta property=\"og:image:type\" content=\"image\/jpeg\" \/>\n<meta name=\"twitter:card\" content=\"summary_large_image\" \/>\n<meta name=\"twitter:label1\" content=\"Est. reading time\" \/>\n\t<meta name=\"twitter:data1\" content=\"1 minute\" \/>\n<script type=\"application\/ld+json\" class=\"yoast-schema-graph\">{\"@context\":\"https:\/\/schema.org\",\"@graph\":[{\"@type\":\"WebPage\",\"@id\":\"https:\/\/www.che-consult.de\/product\/workshop-krisenkommunikation\/\",\"url\":\"https:\/\/www.che-consult.de\/product\/workshop-krisenkommunikation\/\",\"name\":\"\\\"Krisenkommunikation f\u00fcr Hochschulen: Erfolgsfaktoren und Strategien\\\" - CHE Consult\",\"isPartOf\":{\"@id\":\"https:\/\/www.che-consult.de\/#website\"},\"primaryImageOfPage\":{\"@id\":\"https:\/\/www.che-consult.de\/product\/workshop-krisenkommunikation\/#primaryimage\"},\"image\":{\"@id\":\"https:\/\/www.che-consult.de\/product\/workshop-krisenkommunikation\/#primaryimage\"},\"thumbnailUrl\":\"https:\/\/www.che-consult.de\/wp-content\/uploads\/2024\/09\/KopfKarton.jpg\",\"datePublished\":\"2024-09-05T07:28:19+00:00\",\"dateModified\":\"2025-08-31T11:26:51+00:00\",\"description\":\"Workshop zum Thema Krisenkommunikation an Hochschulen und Universit\u00e4ten\",\"breadcrumb\":{\"@id\":\"https:\/\/www.che-consult.de\/product\/workshop-krisenkommunikation\/#breadcrumb\"},\"inLanguage\":\"en-US\",\"potentialAction\":[{\"@type\":\"ReadAction\",\"target\":[\"https:\/\/www.che-consult.de\/product\/workshop-krisenkommunikation\/\"]}]},{\"@type\":\"ImageObject\",\"inLanguage\":\"en-US\",\"@id\":\"https:\/\/www.che-consult.de\/product\/workshop-krisenkommunikation\/#primaryimage\",\"url\":\"https:\/\/www.che-consult.de\/wp-content\/uploads\/2024\/09\/KopfKarton.jpg\",\"contentUrl\":\"https:\/\/www.che-consult.de\/wp-content\/uploads\/2024\/09\/KopfKarton.jpg\",\"width\":1500,\"height\":1500},{\"@type\":\"BreadcrumbList\",\"@id\":\"https:\/\/www.che-consult.de\/product\/workshop-krisenkommunikation\/#breadcrumb\",\"itemListElement\":[{\"@type\":\"ListItem\",\"position\":1,\"name\":\"Startseite\",\"item\":\"https:\/\/www.che-consult.de\/en\/\"},{\"@type\":\"ListItem\",\"position\":2,\"name\":\"&#8222;Krisenkommunikation f\u00fcr Hochschulen: Erfolgsfaktoren und Strategien&#8220;\"}]},{\"@type\":\"WebSite\",\"@id\":\"https:\/\/www.che-consult.de\/#website\",\"url\":\"https:\/\/www.che-consult.de\/\",\"name\":\"CHE Consult\",\"description\":\"We can do university.\",\"potentialAction\":[{\"@type\":\"SearchAction\",\"target\":{\"@type\":\"EntryPoint\",\"urlTemplate\":\"https:\/\/www.che-consult.de\/?s={search_term_string}\"},\"query-input\":{\"@type\":\"PropertyValueSpecification\",\"valueRequired\":true,\"valueName\":\"search_term_string\"}}],\"inLanguage\":\"en-US\"}]}<\/script>\n<!-- \/ Yoast SEO plugin. -->","yoast_head_json":{"title":"\"Krisenkommunikation f\u00fcr Hochschulen: Erfolgsfaktoren und Strategien\" - CHE Consult","description":"Workshop zum Thema Krisenkommunikation an Hochschulen und Universit\u00e4ten","robots":{"index":"index","follow":"follow","max-snippet":"max-snippet:-1","max-image-preview":"max-image-preview:large","max-video-preview":"max-video-preview:-1"},"canonical":"https:\/\/www.che-consult.de\/product\/workshop-krisenkommunikation\/","og_locale":"en_US","og_type":"article","og_title":"\"Krisenkommunikation f\u00fcr Hochschulen: Erfolgsfaktoren und Strategien\" - CHE Consult","og_description":"Workshop zum Thema Krisenkommunikation an Hochschulen und Universit\u00e4ten","og_url":"https:\/\/www.che-consult.de\/product\/workshop-krisenkommunikation\/","og_site_name":"CHE Consult","article_modified_time":"2025-08-31T11:26:51+00:00","og_image":[{"width":1500,"height":1500,"url":"https:\/\/www.che-consult.de\/wp-content\/uploads\/2024\/09\/KopfKarton.jpg","type":"image\/jpeg"}],"twitter_card":"summary_large_image","twitter_misc":{"Est. reading time":"1 minute"},"schema":{"@context":"https:\/\/schema.org","@graph":[{"@type":"WebPage","@id":"https:\/\/www.che-consult.de\/product\/workshop-krisenkommunikation\/","url":"https:\/\/www.che-consult.de\/product\/workshop-krisenkommunikation\/","name":"\"Krisenkommunikation f\u00fcr Hochschulen: Erfolgsfaktoren und Strategien\" - CHE Consult","isPartOf":{"@id":"https:\/\/www.che-consult.de\/#website"},"primaryImageOfPage":{"@id":"https:\/\/www.che-consult.de\/product\/workshop-krisenkommunikation\/#primaryimage"},"image":{"@id":"https:\/\/www.che-consult.de\/product\/workshop-krisenkommunikation\/#primaryimage"},"thumbnailUrl":"https:\/\/www.che-consult.de\/wp-content\/uploads\/2024\/09\/KopfKarton.jpg","datePublished":"2024-09-05T07:28:19+00:00","dateModified":"2025-08-31T11:26:51+00:00","description":"Workshop zum Thema Krisenkommunikation an Hochschulen und Universit\u00e4ten","breadcrumb":{"@id":"https:\/\/www.che-consult.de\/product\/workshop-krisenkommunikation\/#breadcrumb"},"inLanguage":"en-US","potentialAction":[{"@type":"ReadAction","target":["https:\/\/www.che-consult.de\/product\/workshop-krisenkommunikation\/"]}]},{"@type":"ImageObject","inLanguage":"en-US","@id":"https:\/\/www.che-consult.de\/product\/workshop-krisenkommunikation\/#primaryimage","url":"https:\/\/www.che-consult.de\/wp-content\/uploads\/2024\/09\/KopfKarton.jpg","contentUrl":"https:\/\/www.che-consult.de\/wp-content\/uploads\/2024\/09\/KopfKarton.jpg","width":1500,"height":1500},{"@type":"BreadcrumbList","@id":"https:\/\/www.che-consult.de\/product\/workshop-krisenkommunikation\/#breadcrumb","itemListElement":[{"@type":"ListItem","position":1,"name":"Startseite","item":"https:\/\/www.che-consult.de\/en\/"},{"@type":"ListItem","position":2,"name":"&#8222;Krisenkommunikation f\u00fcr Hochschulen: Erfolgsfaktoren und Strategien&#8220;"}]},{"@type":"WebSite","@id":"https:\/\/www.che-consult.de\/#website","url":"https:\/\/www.che-consult.de\/","name":"CHE Consult","description":"We can do university.","potentialAction":[{"@type":"SearchAction","target":{"@type":"EntryPoint","urlTemplate":"https:\/\/www.che-consult.de\/?s={search_term_string}"},"query-input":{"@type":"PropertyValueSpecification","valueRequired":true,"valueName":"search_term_string"}}],"inLanguage":"en-US"}]}},"_links":{"self":[{"href":"https:\/\/www.che-consult.de\/en\/wp-json\/wp\/v2\/product\/2837","targetHints":{"allow":["GET"]}}],"collection":[{"href":"https:\/\/www.che-consult.de\/en\/wp-json\/wp\/v2\/product"}],"about":[{"href":"https:\/\/www.che-consult.de\/en\/wp-json\/wp\/v2\/types\/product"}],"wp:featuredmedia":[{"embeddable":true,"href":"https:\/\/www.che-consult.de\/en\/wp-json\/wp\/v2\/media\/2838"}],"wp:attachment":[{"href":"https:\/\/www.che-consult.de\/en\/wp-json\/wp\/v2\/media?parent=2837"}],"wp:term":[{"taxonomy":"product_brand","embeddable":true,"href":"https:\/\/www.che-consult.de\/en\/wp-json\/wp\/v2\/product_brand?post=2837"},{"taxonomy":"product_cat","embeddable":true,"href":"https:\/\/www.che-consult.de\/en\/wp-json\/wp\/v2\/product_cat?post=2837"},{"taxonomy":"product_tag","embeddable":true,"href":"https:\/\/www.che-consult.de\/en\/wp-json\/wp\/v2\/product_tag?post=2837"}],"curies":[{"name":"wp","href":"https:\/\/api.w.org\/{rel}","templated":true}]}}