{"id":2753,"date":"2024-08-08T09:27:33","date_gmt":"2024-08-08T07:27:33","guid":{"rendered":"https:\/\/www.che-consult.de\/?post_type=product&#038;p=2753"},"modified":"2025-08-31T13:28:01","modified_gmt":"2025-08-31T11:28:01","slug":"grossgeraete","status":"publish","type":"product","link":"https:\/\/www.che-consult.de\/en\/product\/grossgeraete\/","title":{"rendered":"&#8220;Betrieb und Organisation von Gro\u00dfger\u00e4ten und Laboren&#8221;"},"content":{"rendered":"<p>Mit Impulsvortr\u00e4gen und zwei parallel stattfindenden praxisorientierten Workshops er\u00f6rtern wir Strategien und Erfolgsfaktoren, die in Universit\u00e4ten und Hochschulen f\u00fcr angewandte Wissenschaften aktuell von Bedeutung sind, wenn es darum geht, Gro\u00dfger\u00e4te, Labore und sonstige Forschungsst\u00e4tten dauerhaft zu finanzieren und zu betreiben. Neben der Vermittlung von methodischen Herangehensweisen dient die Veranstaltung dem Erfahrungs- und Wissensaustausch, insbesondere mit den Referent*innen, sowie dem Austausch praktischer Tipps und Handlungsm\u00f6glichkeiten f\u00fcr den Hochschulalltag.<\/p>\n<p>Die Veranstaltung richtet sich an Personen in der Wissenschaft und in den wissenschaftsunterst\u00fctzenden Bereichen, die mit der Planung, dem Aufbau und dem Betrieb von hochwertiger Forschungsinfrastruktur befasst sind. Dies sind Personen in den Leitungen und im Management der Hochschulen, auf zentraler wie dezentraler Ebene in den Fakult\u00e4ten, Fachbereichen und Instituten. Die Anzahl der Teilnehmer*innen ist auf 30 Personen begrenzt.<\/p>\n<p><em>Gro\u00dfger\u00e4te und Labore erzeugen f\u00fcr Hochschulen hohe Kosten im Zeitpunkt der Anschaffung wie auch laufend in den nachfolgenden Jahren des Betriebs. Gleichzeitig spielen sie in vielen Forschungsbereichen eine zentrale, ja unabdingbare, Rolle. Die Frage, wie die Ger\u00e4te kosteneffizient organisiert und nachhaltig betrieben werden k\u00f6nnen, treibt deshalb viele Hochschulen um.<\/em><\/p>\n<p><em>Es gibt erprobte Ans\u00e4tze daf\u00fcr, wie Hochschulen auf strategischer und operativer Ebene agieren k\u00f6nnen, damit die mit Ger\u00e4teforschung erzielten Resultate die Investition langfristig aufwiegen. Ein Beispiel ist das \u201eSharing\u201c, also die \u00d6ffnung der Labore f\u00fcr eine breitere Nutzung oder auch der transparente Zugang zu Service-Angeboten. Nach unserer Erfahrung k\u00f6nnen solche Modelle gut funktionieren, wenn sie individuell je Hochschule und unter Ber\u00fccksichtigung relevanter Gegebenheiten erarbeitet werden. Dies umfasst ein abgestimmtes Vorgehen von Wissenschaft und Verwaltung innerhalb der Hochschule. Im Ergebnis kann der Mehrwert immens sein und sich deutlich positiv auf das Profil und die Reputation der Hochschule auswirken.\u00a0<\/em><\/p>\n<p>&nbsp;<\/p>\n","protected":false},"excerpt":{"rendered":"<p>Mit Impulsvortr\u00e4gen und zwei parallel stattfindenden praxisorientierten Workshops er\u00f6rtern wir Strategien und Erfolgsfaktoren, die in Universit\u00e4ten und Hochschulen f\u00fcr angewandte Wissenschaften aktuell von Bedeutung sind, wenn es darum geht, Gro\u00dfger\u00e4te, Labore und sonstige Forschungsst\u00e4tten dauerhaft zu finanzieren und zu betreiben.<\/p>\n","protected":false},"featured_media":2754,"template":"","meta":{"_acf_changed":false,"inline_featured_image":false},"product_brand":[],"product_cat":[46],"product_tag":[],"class_list":{"0":"post-2753","1":"product","2":"type-product","3":"status-publish","4":"has-post-thumbnail","6":"product_cat-veranstaltungen","8":"first","9":"instock","10":"virtual","11":"taxable","12":"product-type-simple"},"acf":[],"yoast_head":"<!-- This site is optimized with the Yoast SEO plugin v27.1.1 - https:\/\/yoast.com\/product\/yoast-seo-wordpress\/ -->\n<title>&quot;Betrieb und Organisation von Gro\u00dfger\u00e4ten und Laboren&quot; - CHE Consult<\/title>\n<meta name=\"robots\" content=\"index, follow, max-snippet:-1, max-image-preview:large, max-video-preview:-1\" \/>\n<link rel=\"canonical\" href=\"https:\/\/www.che-consult.de\/product\/grossgeraete\/\" \/>\n<meta property=\"og:locale\" content=\"en_US\" \/>\n<meta property=\"og:type\" content=\"article\" \/>\n<meta property=\"og:title\" content=\"&quot;Betrieb und Organisation von Gro\u00dfger\u00e4ten und Laboren&quot; - CHE Consult\" \/>\n<meta property=\"og:description\" content=\"Mit Impulsvortr\u00e4gen und zwei parallel stattfindenden praxisorientierten Workshops er\u00f6rtern wir Strategien und Erfolgsfaktoren, die in Universit\u00e4ten und Hochschulen f\u00fcr angewandte Wissenschaften aktuell von Bedeutung sind, wenn es darum geht, Gro\u00dfger\u00e4te, Labore und sonstige Forschungsst\u00e4tten dauerhaft zu finanzieren und zu betreiben.\" \/>\n<meta property=\"og:url\" content=\"https:\/\/www.che-consult.de\/product\/grossgeraete\/\" \/>\n<meta property=\"og:site_name\" content=\"CHE Consult\" \/>\n<meta property=\"article:modified_time\" content=\"2025-08-31T11:28:01+00:00\" \/>\n<meta property=\"og:image\" content=\"https:\/\/www.che-consult.de\/wp-content\/uploads\/2024\/08\/Foto_quadratisch.jpg\" \/>\n\t<meta property=\"og:image:width\" content=\"1280\" \/>\n\t<meta property=\"og:image:height\" content=\"1280\" \/>\n\t<meta property=\"og:image:type\" content=\"image\/jpeg\" \/>\n<meta name=\"twitter:card\" content=\"summary_large_image\" \/>\n<meta name=\"twitter:label1\" content=\"Est. reading time\" \/>\n\t<meta name=\"twitter:data1\" content=\"1 minute\" \/>\n<script type=\"application\/ld+json\" class=\"yoast-schema-graph\">{\"@context\":\"https:\/\/schema.org\",\"@graph\":[{\"@type\":\"WebPage\",\"@id\":\"https:\/\/www.che-consult.de\/product\/grossgeraete\/\",\"url\":\"https:\/\/www.che-consult.de\/product\/grossgeraete\/\",\"name\":\"\\\"Betrieb und Organisation von Gro\u00dfger\u00e4ten und Laboren\\\" - CHE Consult\",\"isPartOf\":{\"@id\":\"https:\/\/www.che-consult.de\/#website\"},\"primaryImageOfPage\":{\"@id\":\"https:\/\/www.che-consult.de\/product\/grossgeraete\/#primaryimage\"},\"image\":{\"@id\":\"https:\/\/www.che-consult.de\/product\/grossgeraete\/#primaryimage\"},\"thumbnailUrl\":\"https:\/\/www.che-consult.de\/wp-content\/uploads\/2024\/08\/Foto_quadratisch.jpg\",\"datePublished\":\"2024-08-08T07:27:33+00:00\",\"dateModified\":\"2025-08-31T11:28:01+00:00\",\"breadcrumb\":{\"@id\":\"https:\/\/www.che-consult.de\/product\/grossgeraete\/#breadcrumb\"},\"inLanguage\":\"en-US\",\"potentialAction\":[{\"@type\":\"ReadAction\",\"target\":[\"https:\/\/www.che-consult.de\/product\/grossgeraete\/\"]}]},{\"@type\":\"ImageObject\",\"inLanguage\":\"en-US\",\"@id\":\"https:\/\/www.che-consult.de\/product\/grossgeraete\/#primaryimage\",\"url\":\"https:\/\/www.che-consult.de\/wp-content\/uploads\/2024\/08\/Foto_quadratisch.jpg\",\"contentUrl\":\"https:\/\/www.che-consult.de\/wp-content\/uploads\/2024\/08\/Foto_quadratisch.jpg\",\"width\":1280,\"height\":1280},{\"@type\":\"BreadcrumbList\",\"@id\":\"https:\/\/www.che-consult.de\/product\/grossgeraete\/#breadcrumb\",\"itemListElement\":[{\"@type\":\"ListItem\",\"position\":1,\"name\":\"Startseite\",\"item\":\"https:\/\/www.che-consult.de\/en\/\"},{\"@type\":\"ListItem\",\"position\":2,\"name\":\"&#8222;Betrieb und Organisation von Gro\u00dfger\u00e4ten und Laboren&#8220;\"}]},{\"@type\":\"WebSite\",\"@id\":\"https:\/\/www.che-consult.de\/#website\",\"url\":\"https:\/\/www.che-consult.de\/\",\"name\":\"CHE Consult\",\"description\":\"We can do university.\",\"potentialAction\":[{\"@type\":\"SearchAction\",\"target\":{\"@type\":\"EntryPoint\",\"urlTemplate\":\"https:\/\/www.che-consult.de\/?s={search_term_string}\"},\"query-input\":{\"@type\":\"PropertyValueSpecification\",\"valueRequired\":true,\"valueName\":\"search_term_string\"}}],\"inLanguage\":\"en-US\"}]}<\/script>\n<!-- \/ Yoast SEO plugin. -->","yoast_head_json":{"title":"\"Betrieb und Organisation von Gro\u00dfger\u00e4ten und Laboren\" - CHE Consult","robots":{"index":"index","follow":"follow","max-snippet":"max-snippet:-1","max-image-preview":"max-image-preview:large","max-video-preview":"max-video-preview:-1"},"canonical":"https:\/\/www.che-consult.de\/product\/grossgeraete\/","og_locale":"en_US","og_type":"article","og_title":"\"Betrieb und Organisation von Gro\u00dfger\u00e4ten und Laboren\" - CHE Consult","og_description":"Mit Impulsvortr\u00e4gen und zwei parallel stattfindenden praxisorientierten Workshops er\u00f6rtern wir Strategien und Erfolgsfaktoren, die in Universit\u00e4ten und Hochschulen f\u00fcr angewandte Wissenschaften aktuell von Bedeutung sind, wenn es darum geht, Gro\u00dfger\u00e4te, Labore und sonstige Forschungsst\u00e4tten dauerhaft zu finanzieren und zu betreiben.","og_url":"https:\/\/www.che-consult.de\/product\/grossgeraete\/","og_site_name":"CHE Consult","article_modified_time":"2025-08-31T11:28:01+00:00","og_image":[{"width":1280,"height":1280,"url":"https:\/\/www.che-consult.de\/wp-content\/uploads\/2024\/08\/Foto_quadratisch.jpg","type":"image\/jpeg"}],"twitter_card":"summary_large_image","twitter_misc":{"Est. reading time":"1 minute"},"schema":{"@context":"https:\/\/schema.org","@graph":[{"@type":"WebPage","@id":"https:\/\/www.che-consult.de\/product\/grossgeraete\/","url":"https:\/\/www.che-consult.de\/product\/grossgeraete\/","name":"\"Betrieb und Organisation von Gro\u00dfger\u00e4ten und Laboren\" - CHE Consult","isPartOf":{"@id":"https:\/\/www.che-consult.de\/#website"},"primaryImageOfPage":{"@id":"https:\/\/www.che-consult.de\/product\/grossgeraete\/#primaryimage"},"image":{"@id":"https:\/\/www.che-consult.de\/product\/grossgeraete\/#primaryimage"},"thumbnailUrl":"https:\/\/www.che-consult.de\/wp-content\/uploads\/2024\/08\/Foto_quadratisch.jpg","datePublished":"2024-08-08T07:27:33+00:00","dateModified":"2025-08-31T11:28:01+00:00","breadcrumb":{"@id":"https:\/\/www.che-consult.de\/product\/grossgeraete\/#breadcrumb"},"inLanguage":"en-US","potentialAction":[{"@type":"ReadAction","target":["https:\/\/www.che-consult.de\/product\/grossgeraete\/"]}]},{"@type":"ImageObject","inLanguage":"en-US","@id":"https:\/\/www.che-consult.de\/product\/grossgeraete\/#primaryimage","url":"https:\/\/www.che-consult.de\/wp-content\/uploads\/2024\/08\/Foto_quadratisch.jpg","contentUrl":"https:\/\/www.che-consult.de\/wp-content\/uploads\/2024\/08\/Foto_quadratisch.jpg","width":1280,"height":1280},{"@type":"BreadcrumbList","@id":"https:\/\/www.che-consult.de\/product\/grossgeraete\/#breadcrumb","itemListElement":[{"@type":"ListItem","position":1,"name":"Startseite","item":"https:\/\/www.che-consult.de\/en\/"},{"@type":"ListItem","position":2,"name":"&#8222;Betrieb und Organisation von Gro\u00dfger\u00e4ten und Laboren&#8220;"}]},{"@type":"WebSite","@id":"https:\/\/www.che-consult.de\/#website","url":"https:\/\/www.che-consult.de\/","name":"CHE Consult","description":"We can do university.","potentialAction":[{"@type":"SearchAction","target":{"@type":"EntryPoint","urlTemplate":"https:\/\/www.che-consult.de\/?s={search_term_string}"},"query-input":{"@type":"PropertyValueSpecification","valueRequired":true,"valueName":"search_term_string"}}],"inLanguage":"en-US"}]}},"_links":{"self":[{"href":"https:\/\/www.che-consult.de\/en\/wp-json\/wp\/v2\/product\/2753","targetHints":{"allow":["GET"]}}],"collection":[{"href":"https:\/\/www.che-consult.de\/en\/wp-json\/wp\/v2\/product"}],"about":[{"href":"https:\/\/www.che-consult.de\/en\/wp-json\/wp\/v2\/types\/product"}],"wp:featuredmedia":[{"embeddable":true,"href":"https:\/\/www.che-consult.de\/en\/wp-json\/wp\/v2\/media\/2754"}],"wp:attachment":[{"href":"https:\/\/www.che-consult.de\/en\/wp-json\/wp\/v2\/media?parent=2753"}],"wp:term":[{"taxonomy":"product_brand","embeddable":true,"href":"https:\/\/www.che-consult.de\/en\/wp-json\/wp\/v2\/product_brand?post=2753"},{"taxonomy":"product_cat","embeddable":true,"href":"https:\/\/www.che-consult.de\/en\/wp-json\/wp\/v2\/product_cat?post=2753"},{"taxonomy":"product_tag","embeddable":true,"href":"https:\/\/www.che-consult.de\/en\/wp-json\/wp\/v2\/product_tag?post=2753"}],"curies":[{"name":"wp","href":"https:\/\/api.w.org\/{rel}","templated":true}]}}