{"id":2752,"date":"2024-08-08T09:17:05","date_gmt":"2024-08-08T07:17:05","guid":{"rendered":"https:\/\/www.che-consult.de\/?post_type=product&#038;p=2752"},"modified":"2025-08-31T13:28:14","modified_gmt":"2025-08-31T11:28:14","slug":"sinkende-studierendenzahlen-hamm","status":"publish","type":"product","link":"https:\/\/www.che-consult.de\/en\/product\/sinkende-studierendenzahlen-hamm\/","title":{"rendered":"&#8220;Sinkende Studierendenzahlen \u2013 nur eine Frage des Marketings?&#8221;"},"content":{"rendered":"<p>In den letzten 10 Jahren konnten die Hochschulen von steigenden Studierendenzahlen profitieren, was unter anderem die Entwicklung und Etablierung vieler neuer Studieng\u00e4nge und Hochschulen f\u00f6rderte. Inzwischen deuten der demografische Wandel und der prognostizierte Bev\u00f6lkerungsr\u00fcckgang jedoch eine Bewegung in die entgegengesetzte Richtung an. Vor diesem Hintergrund steht die Hochschullandschaft vor neuen Herausforderungen: Mehr Hochschulen und Studieng\u00e4nge konkurrieren um weniger Studieninteressierte.<\/p>\n<p>Bei der Tagung &#8220;Sinkende Studierendenzahlen \u2013 nur eine Frage des Marketings?&#8221; in Hamm widmen wir uns Strategien, um den sinkenden Studierendenzahlen entgegenzuwirken. Es wird einen Einf\u00fchrungsvortrag und mindestens drei parallele Workshops, eingeleitet durch Impulsvortr\u00e4ge, geben. Diese finden in zwei Durchl\u00e4ufen statt, so dass die M\u00f6glichkeit besteht, an zwei verschiedenen Workshops teilzunehmen. Neben der Darstellung von methodischen Herangehensweisen dient die Tagung dem Erfahrungs- und Wissensaustausch sowie der Vermittlung praktischer Tipps und Handlungsm\u00f6glichkeiten f\u00fcr den Hochschulalltag.<\/p>\n","protected":false},"excerpt":{"rendered":"<p>Bei der Tagung in Hamm widmen wir uns unterschiedlichen Strategien, um den sinkenden Studierendenzahlen an Hochschulen entgegenzuwirken. Neben der Darstellung von methodischen Herangehensweisen dient die Tagung dem Erfahrungs- und Wissensaustausch sowie der Vermittlung praktischer Tipps und Handlungsm\u00f6glichkeiten f\u00fcr den Hochschulalltag.<\/p>\n","protected":false},"featured_media":2156,"template":"","meta":{"_acf_changed":false,"inline_featured_image":false},"product_brand":[],"product_cat":[46],"product_tag":[],"class_list":{"0":"post-2752","1":"product","2":"type-product","3":"status-publish","4":"has-post-thumbnail","6":"product_cat-veranstaltungen","8":"first","9":"instock","10":"virtual","11":"taxable","12":"product-type-simple"},"acf":[],"yoast_head":"<!-- This site is optimized with the Yoast SEO plugin v27.1.1 - https:\/\/yoast.com\/product\/yoast-seo-wordpress\/ -->\n<title>&quot;Sinkende Studierendenzahlen \u2013 nur eine Frage des Marketings?&quot; - CHE Consult<\/title>\n<meta name=\"robots\" content=\"index, follow, max-snippet:-1, max-image-preview:large, max-video-preview:-1\" \/>\n<link rel=\"canonical\" href=\"https:\/\/www.che-consult.de\/product\/sinkende-studierendenzahlen-hamm\/\" \/>\n<meta property=\"og:locale\" content=\"en_US\" \/>\n<meta property=\"og:type\" content=\"article\" \/>\n<meta property=\"og:title\" content=\"&quot;Sinkende Studierendenzahlen \u2013 nur eine Frage des Marketings?&quot; - CHE Consult\" \/>\n<meta property=\"og:description\" content=\"Bei der Tagung in Hamm widmen wir uns unterschiedlichen Strategien, um den sinkenden Studierendenzahlen an Hochschulen entgegenzuwirken. Neben der Darstellung von methodischen Herangehensweisen dient die Tagung dem Erfahrungs- und Wissensaustausch sowie der Vermittlung praktischer Tipps und Handlungsm\u00f6glichkeiten f\u00fcr den Hochschulalltag.\" \/>\n<meta property=\"og:url\" content=\"https:\/\/www.che-consult.de\/product\/sinkende-studierendenzahlen-hamm\/\" \/>\n<meta property=\"og:site_name\" content=\"CHE Consult\" \/>\n<meta property=\"article:modified_time\" content=\"2025-08-31T11:28:14+00:00\" \/>\n<meta property=\"og:image\" content=\"https:\/\/www.che-consult.de\/wp-content\/uploads\/2023\/05\/CHE_Consult_Fenster-1.jpg\" \/>\n\t<meta property=\"og:image:width\" content=\"937\" \/>\n\t<meta property=\"og:image:height\" content=\"937\" \/>\n\t<meta property=\"og:image:type\" content=\"image\/jpeg\" \/>\n<meta name=\"twitter:card\" content=\"summary_large_image\" \/>\n<meta name=\"twitter:label1\" content=\"Est. reading time\" \/>\n\t<meta name=\"twitter:data1\" content=\"1 minute\" \/>\n<script type=\"application\/ld+json\" class=\"yoast-schema-graph\">{\"@context\":\"https:\/\/schema.org\",\"@graph\":[{\"@type\":\"WebPage\",\"@id\":\"https:\/\/www.che-consult.de\/product\/sinkende-studierendenzahlen-hamm\/\",\"url\":\"https:\/\/www.che-consult.de\/product\/sinkende-studierendenzahlen-hamm\/\",\"name\":\"\\\"Sinkende Studierendenzahlen \u2013 nur eine Frage des Marketings?\\\" - CHE Consult\",\"isPartOf\":{\"@id\":\"https:\/\/www.che-consult.de\/#website\"},\"primaryImageOfPage\":{\"@id\":\"https:\/\/www.che-consult.de\/product\/sinkende-studierendenzahlen-hamm\/#primaryimage\"},\"image\":{\"@id\":\"https:\/\/www.che-consult.de\/product\/sinkende-studierendenzahlen-hamm\/#primaryimage\"},\"thumbnailUrl\":\"https:\/\/www.che-consult.de\/wp-content\/uploads\/2023\/05\/CHE_Consult_Fenster-1.jpg\",\"datePublished\":\"2024-08-08T07:17:05+00:00\",\"dateModified\":\"2025-08-31T11:28:14+00:00\",\"breadcrumb\":{\"@id\":\"https:\/\/www.che-consult.de\/product\/sinkende-studierendenzahlen-hamm\/#breadcrumb\"},\"inLanguage\":\"en-US\",\"potentialAction\":[{\"@type\":\"ReadAction\",\"target\":[\"https:\/\/www.che-consult.de\/product\/sinkende-studierendenzahlen-hamm\/\"]}]},{\"@type\":\"ImageObject\",\"inLanguage\":\"en-US\",\"@id\":\"https:\/\/www.che-consult.de\/product\/sinkende-studierendenzahlen-hamm\/#primaryimage\",\"url\":\"https:\/\/www.che-consult.de\/wp-content\/uploads\/2023\/05\/CHE_Consult_Fenster-1.jpg\",\"contentUrl\":\"https:\/\/www.che-consult.de\/wp-content\/uploads\/2023\/05\/CHE_Consult_Fenster-1.jpg\",\"width\":937,\"height\":937},{\"@type\":\"BreadcrumbList\",\"@id\":\"https:\/\/www.che-consult.de\/product\/sinkende-studierendenzahlen-hamm\/#breadcrumb\",\"itemListElement\":[{\"@type\":\"ListItem\",\"position\":1,\"name\":\"Startseite\",\"item\":\"https:\/\/www.che-consult.de\/en\/\"},{\"@type\":\"ListItem\",\"position\":2,\"name\":\"&#8222;Sinkende Studierendenzahlen \u2013 nur eine Frage des Marketings?&#8220;\"}]},{\"@type\":\"WebSite\",\"@id\":\"https:\/\/www.che-consult.de\/#website\",\"url\":\"https:\/\/www.che-consult.de\/\",\"name\":\"CHE Consult\",\"description\":\"We can do university.\",\"potentialAction\":[{\"@type\":\"SearchAction\",\"target\":{\"@type\":\"EntryPoint\",\"urlTemplate\":\"https:\/\/www.che-consult.de\/?s={search_term_string}\"},\"query-input\":{\"@type\":\"PropertyValueSpecification\",\"valueRequired\":true,\"valueName\":\"search_term_string\"}}],\"inLanguage\":\"en-US\"}]}<\/script>\n<!-- \/ Yoast SEO plugin. -->","yoast_head_json":{"title":"\"Sinkende Studierendenzahlen \u2013 nur eine Frage des Marketings?\" - CHE Consult","robots":{"index":"index","follow":"follow","max-snippet":"max-snippet:-1","max-image-preview":"max-image-preview:large","max-video-preview":"max-video-preview:-1"},"canonical":"https:\/\/www.che-consult.de\/product\/sinkende-studierendenzahlen-hamm\/","og_locale":"en_US","og_type":"article","og_title":"\"Sinkende Studierendenzahlen \u2013 nur eine Frage des Marketings?\" - CHE Consult","og_description":"Bei der Tagung in Hamm widmen wir uns unterschiedlichen Strategien, um den sinkenden Studierendenzahlen an Hochschulen entgegenzuwirken. Neben der Darstellung von methodischen Herangehensweisen dient die Tagung dem Erfahrungs- und Wissensaustausch sowie der Vermittlung praktischer Tipps und Handlungsm\u00f6glichkeiten f\u00fcr den Hochschulalltag.","og_url":"https:\/\/www.che-consult.de\/product\/sinkende-studierendenzahlen-hamm\/","og_site_name":"CHE Consult","article_modified_time":"2025-08-31T11:28:14+00:00","og_image":[{"width":937,"height":937,"url":"https:\/\/www.che-consult.de\/wp-content\/uploads\/2023\/05\/CHE_Consult_Fenster-1.jpg","type":"image\/jpeg"}],"twitter_card":"summary_large_image","twitter_misc":{"Est. reading time":"1 minute"},"schema":{"@context":"https:\/\/schema.org","@graph":[{"@type":"WebPage","@id":"https:\/\/www.che-consult.de\/product\/sinkende-studierendenzahlen-hamm\/","url":"https:\/\/www.che-consult.de\/product\/sinkende-studierendenzahlen-hamm\/","name":"\"Sinkende Studierendenzahlen \u2013 nur eine Frage des Marketings?\" - CHE Consult","isPartOf":{"@id":"https:\/\/www.che-consult.de\/#website"},"primaryImageOfPage":{"@id":"https:\/\/www.che-consult.de\/product\/sinkende-studierendenzahlen-hamm\/#primaryimage"},"image":{"@id":"https:\/\/www.che-consult.de\/product\/sinkende-studierendenzahlen-hamm\/#primaryimage"},"thumbnailUrl":"https:\/\/www.che-consult.de\/wp-content\/uploads\/2023\/05\/CHE_Consult_Fenster-1.jpg","datePublished":"2024-08-08T07:17:05+00:00","dateModified":"2025-08-31T11:28:14+00:00","breadcrumb":{"@id":"https:\/\/www.che-consult.de\/product\/sinkende-studierendenzahlen-hamm\/#breadcrumb"},"inLanguage":"en-US","potentialAction":[{"@type":"ReadAction","target":["https:\/\/www.che-consult.de\/product\/sinkende-studierendenzahlen-hamm\/"]}]},{"@type":"ImageObject","inLanguage":"en-US","@id":"https:\/\/www.che-consult.de\/product\/sinkende-studierendenzahlen-hamm\/#primaryimage","url":"https:\/\/www.che-consult.de\/wp-content\/uploads\/2023\/05\/CHE_Consult_Fenster-1.jpg","contentUrl":"https:\/\/www.che-consult.de\/wp-content\/uploads\/2023\/05\/CHE_Consult_Fenster-1.jpg","width":937,"height":937},{"@type":"BreadcrumbList","@id":"https:\/\/www.che-consult.de\/product\/sinkende-studierendenzahlen-hamm\/#breadcrumb","itemListElement":[{"@type":"ListItem","position":1,"name":"Startseite","item":"https:\/\/www.che-consult.de\/en\/"},{"@type":"ListItem","position":2,"name":"&#8222;Sinkende Studierendenzahlen \u2013 nur eine Frage des Marketings?&#8220;"}]},{"@type":"WebSite","@id":"https:\/\/www.che-consult.de\/#website","url":"https:\/\/www.che-consult.de\/","name":"CHE Consult","description":"We can do university.","potentialAction":[{"@type":"SearchAction","target":{"@type":"EntryPoint","urlTemplate":"https:\/\/www.che-consult.de\/?s={search_term_string}"},"query-input":{"@type":"PropertyValueSpecification","valueRequired":true,"valueName":"search_term_string"}}],"inLanguage":"en-US"}]}},"_links":{"self":[{"href":"https:\/\/www.che-consult.de\/en\/wp-json\/wp\/v2\/product\/2752","targetHints":{"allow":["GET"]}}],"collection":[{"href":"https:\/\/www.che-consult.de\/en\/wp-json\/wp\/v2\/product"}],"about":[{"href":"https:\/\/www.che-consult.de\/en\/wp-json\/wp\/v2\/types\/product"}],"wp:featuredmedia":[{"embeddable":true,"href":"https:\/\/www.che-consult.de\/en\/wp-json\/wp\/v2\/media\/2156"}],"wp:attachment":[{"href":"https:\/\/www.che-consult.de\/en\/wp-json\/wp\/v2\/media?parent=2752"}],"wp:term":[{"taxonomy":"product_brand","embeddable":true,"href":"https:\/\/www.che-consult.de\/en\/wp-json\/wp\/v2\/product_brand?post=2752"},{"taxonomy":"product_cat","embeddable":true,"href":"https:\/\/www.che-consult.de\/en\/wp-json\/wp\/v2\/product_cat?post=2752"},{"taxonomy":"product_tag","embeddable":true,"href":"https:\/\/www.che-consult.de\/en\/wp-json\/wp\/v2\/product_tag?post=2752"}],"curies":[{"name":"wp","href":"https:\/\/api.w.org\/{rel}","templated":true}]}}